{"id":129,"date":"2024-03-16T19:41:28","date_gmt":"2024-03-16T19:41:28","guid":{"rendered":"https:\/\/raulmanzano.com.dream.website\/?page_id=129"},"modified":"2024-03-28T22:40:25","modified_gmt":"2024-03-28T22:40:25","slug":"biography","status":"publish","type":"page","link":"https:\/\/www.raulmanzano.com\/es\/biography\/","title":{"rendered":"Biograf\u00eda"},"content":{"rendered":"<div class=\"wp-block-uagb-image aligncenter uagb-block-0340a55c wp-block-uagb-image--layout-default wp-block-uagb-image--effect-static wp-block-uagb-image--align-center\"><figure class=\"wp-block-uagb-image__figure\"><img decoding=\"async\" srcset=\"https:\/\/www.raulmanzano.com\/wp-content\/uploads\/2024\/03\/ivycollege2012_lg-300x254.jpg ,https:\/\/www.raulmanzano.com\/wp-content\/uploads\/2024\/03\/ivycollege2012_lg.jpg 780w, https:\/\/www.raulmanzano.com\/wp-content\/uploads\/2024\/03\/ivycollege2012_lg.jpg 360w\" sizes=\"auto, (max-width: 480px) 150px\" src=\"https:\/\/www.raulmanzano.com\/wp-content\/uploads\/2024\/03\/ivycollege2012_lg-300x254.jpg\" alt=\"Ivy College presentation\" class=\"uag-image-290\" width=\"300\" height=\"254\" title=\"ivycollege2012_lg\" loading=\"lazy\" role=\"img\"\/><\/figure><\/div>\n\n\n\n<p>RA\u00daL MANZANO es un artista vers\u00e1til, autor y acad\u00e9mico cuyas pinturas han adornado prestigiosos lugares en todo el mundo. Su trabajo ha sido exhibido en consulados, museos, galer\u00edas y centros comunitarios en Canad\u00e1, Espa\u00f1a, Israel y los Estados Unidos.<\/p>\n\n\n\n<p>Adem\u00e1s de sus logros art\u00edsticos, Manzano ha contribuido significativamente a la esfera acad\u00e9mica y profesional. Es autor de su primer libro de dibujo, escribi\u00f3 ensayos revisados por acad\u00e9micos, art\u00edculos para varias publicaciones, y ha dise\u00f1ado ilustraciones para portadas. Ha presentado en conferencias, se ha desempe\u00f1ado como jurado para paneles de exposiciones y presentador en destacados museos de la ciudad de Nueva York.<\/p>\n\n\n\n<div class=\"wp-block-uagb-image aligncenter uagb-block-f4550843 wp-block-uagb-image--layout-default wp-block-uagb-image--effect-static wp-block-uagb-image--align-center\"><figure class=\"wp-block-uagb-image__figure\"><img decoding=\"async\" srcset=\"https:\/\/www.raulmanzano.com\/wp-content\/uploads\/2024\/03\/Poster-Session-1-298x300.jpg ,https:\/\/raulmanzano.com.dream.website\/wp-content\/uploads\/2024\/03\/Poster-Session-1.jpg 780w, https:\/\/raulmanzano.com.dream.website\/wp-content\/uploads\/2024\/03\/Poster-Session-1.jpg 360w\" sizes=\"auto, (max-width: 480px) 150px\" src=\"https:\/\/www.raulmanzano.com\/wp-content\/uploads\/2024\/03\/Poster-Session-1-298x300.jpg\" alt=\"Poster Session\" class=\"uag-image-440\" width=\"298\" height=\"300\" title=\"Poster Session\" loading=\"lazy\" role=\"img\"\/><\/figure><\/div>\n\n\n\n<p>Manzano tiene un doctorado en Estudios Interdisciplinarios con una concentraci\u00f3n en Estudios de Museos de Union Institute &amp; University. Obtuvo una maestr\u00eda de SUNY \/ Empire State University y un B.F.A de la Escuela de Artes Visuales.<\/p>\n\n\n\n<p>Durante su presidencia (1996-2001) de la West Side Arts Coalition de Nueva York, Manzano reform\u00f3 la visi\u00f3n de la organizaci\u00f3n con exposiciones que abordaron temas contempor\u00e1neos como el SIDA, el 9\/11, el medio ambiente y el patrimonio cultural. Co-organiz\u00f3 la primera exposici\u00f3n internacional en el Museo Khan en Ashkelon, Israel, recibiendo la Medalla de la Ciudad del alcalde Benny Vaknin.<\/p>\n\n\n\n<p>La influencia de Manzano se ha extendi\u00f3 a trav\u00e9s de exposiciones en lugares como la Galer\u00eda Arsenal, las bibliotecas p\u00fablicas de Nueva York y la Galer\u00eda del Presidente del Condado de Manhattan. Obtuvo premios de reconocimiento de la Asociaci\u00f3n de Hijos y Amigos de Colombia y la Universidad Farleigh Dickinson, junto con un premio de artista individual de la Fundaci\u00f3n Puffin, Ltd.<\/p>\n\n\n\n<div class=\"wp-block-uagb-image aligncenter uagb-block-ca322978 wp-block-uagb-image--layout-default wp-block-uagb-image--effect-static wp-block-uagb-image--align-center\"><figure class=\"wp-block-uagb-image__figure\"><img decoding=\"async\" srcset=\"https:\/\/www.raulmanzano.com\/wp-content\/uploads\/2024\/03\/Rauls-exhibit1-300x244.jpg ,https:\/\/raulmanzano.com.dream.website\/wp-content\/uploads\/2024\/03\/Rauls-exhibit1.jpg 780w, https:\/\/raulmanzano.com.dream.website\/wp-content\/uploads\/2024\/03\/Rauls-exhibit1.jpg 360w\" sizes=\"auto, (max-width: 480px) 150px\" src=\"https:\/\/www.raulmanzano.com\/wp-content\/uploads\/2024\/03\/Rauls-exhibit1-300x244.jpg\" alt=\"Raul exhibit\" class=\"uag-image-226\" width=\"300\" height=\"244\" title=\"Raul's exhibit1\" loading=\"lazy\" role=\"img\"\/><\/figure><\/div>\n\n\n\n<p>En SUNY \/ Empire State University, Manzano ha sido mentor de estudiantes, ha ense\u00f1ado historia del arte, artes pl\u00e1sticas, y organizado exposiciones. Fund\u00f3 la Galer\u00eda Livingston, curando exposiciones culturales para la herencia hispana, la historia negra y la herencia caribe\u00f1a. Tambi\u00e9n dirigi\u00f3 el programa de la Escuela de Artes Visuales \"Pintando en Barcelona\" de 2000 a 2017.<\/p>\n\n\n\n<p>El esp\u00edritu filantr\u00f3pico de Manzano brilla a trav\u00e9s de su arte, recaudando fondos para causas ben\u00e9ficas. Contribuy\u00f3 a la exposici\u00f3n Prevailing Human Spirit para September 11 Charities, co-cur\u00f3 la exposici\u00f3n \"AIDS Awareness\" y don\u00f3 ganancias de su exposici\u00f3n debut en Toronto, Canad\u00e1, para ayudar a las v\u00edctimas del desastre en Armero, Colombia. Participo en la recaudaci\u00f3n de fondos para el Fondo de Becas de la Organizaci\u00f3n de Apoyo Hispano de Nueva York Verizon y recaudaci\u00f3n de fondos para vivienda para los pobres de Long Island por Colombia \"Proyecto Buenaventura 2006\".<\/p>\n\n\n\n<div class=\"wp-block-uagb-image aligncenter uagb-block-4ae9ad2c wp-block-uagb-image--layout-default wp-block-uagb-image--effect-static wp-block-uagb-image--align-center\"><figure class=\"wp-block-uagb-image__figure\"><img decoding=\"async\" srcset=\"https:\/\/www.raulmanzano.com\/wp-content\/uploads\/2024\/03\/AT-THE-STUDIO-1-300x229.jpg ,https:\/\/www.raulmanzano.com\/wp-content\/uploads\/2024\/03\/AT-THE-STUDIO-1.jpg 780w, https:\/\/www.raulmanzano.com\/wp-content\/uploads\/2024\/03\/AT-THE-STUDIO-1.jpg 360w\" sizes=\"auto, (max-width: 480px) 150px\" src=\"https:\/\/www.raulmanzano.com\/wp-content\/uploads\/2024\/03\/AT-THE-STUDIO-1-300x229.jpg\" alt=\"Raul in studio\" class=\"uag-image-223\" width=\"300\" height=\"229\" title=\"AT THE STUDIO-1\" loading=\"lazy\" role=\"img\"\/><\/figure><\/div>\n\n\n\n<p>Si bien su arte a menudo crea conciencia sobre los problemas sociales, Manzano encuentra alegr\u00eda en la creaci\u00f3n de arte que transmite ideas complejas o la belleza de la naturaleza. Su trabajo refleja su imaginaci\u00f3n, ya sea a trav\u00e9s de formas simb\u00f3licas, org\u00e1nicas, colores vivos o la libertad de dibujar al aire libre, invitando a los espectadores a interpretar y comprometerse con sus creaciones.<\/p>","protected":false},"excerpt":{"rendered":"<p>RA\u00daL MANZANO is a versatile artist, author, and scholar whose paintings have graced prestigious venues worldwide. His work has been exhibited in consulates, museums, galleries, and community centers across Canada, Spain, Israel, and the United States. In addition to his artistic accomplishments, Manzano has contributed significantly to the scholarly and professional sphere. He authored his [&hellip;]<\/p>\n","protected":false},"author":1,"featured_media":0,"parent":0,"menu_order":0,"comment_status":"closed","ping_status":"closed","template":"","meta":{"_uag_custom_page_level_css":"","footnotes":""},"class_list":["post-129","page","type-page","status-publish","hentry"],"aioseo_notices":[],"uagb_featured_image_src":{"full":false,"thumbnail":false,"medium":false,"medium_large":false,"large":false,"1536x1536":false,"2048x2048":false,"trp-custom-language-flag":false},"uagb_author_info":{"display_name":"raulmanzano_8ydpbr","author_link":"https:\/\/www.raulmanzano.com\/es\/author\/raulmanzano_8ydpbr\/"},"uagb_comment_info":0,"uagb_excerpt":"RA\u00daL MANZANO is a versatile artist, author, and scholar whose paintings have graced prestigious venues worldwide. His work has been exhibited in consulates, museums, galleries, and community centers across Canada, Spain, Israel, and the United States. In addition to his artistic accomplishments, Manzano has contributed significantly to the scholarly and professional sphere. He authored his&hellip;","_links":{"self":[{"href":"https:\/\/www.raulmanzano.com\/es\/wp-json\/wp\/v2\/pages\/129","targetHints":{"allow":["GET"]}}],"collection":[{"href":"https:\/\/www.raulmanzano.com\/es\/wp-json\/wp\/v2\/pages"}],"about":[{"href":"https:\/\/www.raulmanzano.com\/es\/wp-json\/wp\/v2\/types\/page"}],"author":[{"embeddable":true,"href":"https:\/\/www.raulmanzano.com\/es\/wp-json\/wp\/v2\/users\/1"}],"replies":[{"embeddable":true,"href":"https:\/\/www.raulmanzano.com\/es\/wp-json\/wp\/v2\/comments?post=129"}],"version-history":[{"count":9,"href":"https:\/\/www.raulmanzano.com\/es\/wp-json\/wp\/v2\/pages\/129\/revisions"}],"predecessor-version":[{"id":687,"href":"https:\/\/www.raulmanzano.com\/es\/wp-json\/wp\/v2\/pages\/129\/revisions\/687"}],"wp:attachment":[{"href":"https:\/\/www.raulmanzano.com\/es\/wp-json\/wp\/v2\/media?parent=129"}],"curies":[{"name":"wp","href":"https:\/\/api.w.org\/{rel}","templated":true}]}}